{"id":29909,"date":"2022-01-28T09:13:11","date_gmt":"2022-01-28T08:13:11","guid":{"rendered":"https:\/\/latzavane.ch\/o-caboeutson\/"},"modified":"2023-03-03T16:41:22","modified_gmt":"2023-03-03T15:41:22","slug":"o-caboeutson","status":"publish","type":"page","link":"https:\/\/latzavane.ch\/de\/o-caboeutson\/","title":{"rendered":"O Caboeutson"},"content":{"rendered":"<p>[et_pb_section fb_built=&#8220;1&#8243; admin_label=&#8220;Header&#8220; _builder_version=&#8220;4.6.6&#8243; use_background_color_gradient=&#8220;on&#8220; background_color_gradient_start=&#8220;rgba(255,255,255,0.89)&#8220; background_color_gradient_end=&#8220;rgba(255,255,255,0)&#8220; background_color_gradient_type=&#8220;radial&#8220; background_color_gradient_direction_radial=&#8220;top left&#8220; background_color_gradient_start_position=&#8220;30%&#8220; background_color_gradient_end_position=&#8220;80%&#8220; background_color_gradient_overlays_image=&#8220;on&#8220; background_image=&#8220;https:\/\/latzavane.ch\/wp-content\/uploads\/2022\/01\/ocaboeutson-1-e1643358326181.jpg&#8220; custom_margin=&#8220;|||&#8220; custom_padding=&#8220;8vw||8vw||true&#8220;][et_pb_row _builder_version=&#8220;3.25&#8243;][et_pb_column type=&#8220;4_4&#8243; _builder_version=&#8220;3.25&#8243; custom_padding=&#8220;|||&#8220; custom_padding__hover=&#8220;|||&#8220;][et_pb_text _builder_version=&#8220;4.6.6&#8243; text_font=&#8220;||||||||&#8220; header_font=&#8220;Raleway|700|||||||&#8220; header_font_size=&#8220;80px&#8220; header_line_height=&#8220;1.2em&#8220; header_5_font=&#8220;Raleway|700||on|||||&#8220; header_5_text_color=&#8220;#000000&#8243; header_5_font_size=&#8220;20px&#8220; header_5_letter_spacing=&#8220;0.5em&#8220; header_5_line_height=&#8220;1.8em&#8220; animation_style=&#8220;zoom&#8220; animation_intensity_zoom=&#8220;5%&#8220; header_font_size_tablet=&#8220;48px&#8220; header_font_size_phone=&#8220;32px&#8220; header_font_size_last_edited=&#8220;on|phone&#8220; header_5_font_size_tablet=&#8220;14px&#8220; header_5_font_size_phone=&#8220;12px&#8220; header_5_font_size_last_edited=&#8220;on|desktop&#8220;]<\/p>\n<h5>Unsere Zimmer<\/h5>\n<h1>O Caboeutson<\/h1>\n<p>[\/et_pb_text][\/et_pb_column][\/et_pb_row][\/et_pb_section][et_pb_section fb_built=&#8220;1&#8243; _builder_version=&#8220;4.6.5&#8243; _module_preset=&#8220;default&#8220;][et_pb_row column_structure=&#8220;3_4,1_4&#8243; _builder_version=&#8220;4.6.6&#8243; _module_preset=&#8220;default&#8220;][et_pb_column type=&#8220;3_4&#8243; _builder_version=&#8220;4.6.6&#8243; _module_preset=&#8220;default&#8220;][et_pb_gallery gallery_ids=&#8220;29595,29583,29586,29589,29592&#8243; fullwidth=&#8220;on&#8220; _builder_version=&#8220;4.6.6&#8243; _module_preset=&#8220;default&#8220;][\/et_pb_gallery][\/et_pb_column][et_pb_column type=&#8220;1_4&#8243; _builder_version=&#8220;4.6.6&#8243; _module_preset=&#8220;default&#8220;][et_pb_text _builder_version=&#8220;4.6.6&#8243; _module_preset=&#8220;default&#8220; text_line_height=&#8220;1.8em&#8220; saved_tabs=&#8220;all&#8220; global_module=&#8220;29874&#8243;]<\/p>\n<h2>Die Zimmer<\/h2>\n<p><a href=\"\/o-motsequeque\/\">O Motsequ\u00e9qu\u00e9<\/a><br \/> <a href=\"\/de\/o-dzoc\/\">O Dzoc<\/a><br \/> <a href=\"\/de\/o-arboueytoeu\/\">O Arboueytoeu<\/a><br \/> <a href=\"\/de\/o-tsapafou\/\">O Tsapafou<\/a><br \/> <a href=\"\/de\/o-caboeutson\/\">O Caboeutson<\/a><br \/> <a href=\"\/de\/la-pechote\/\">La Pechote<\/a><\/p>\n<p>[\/et_pb_text][\/et_pb_column][\/et_pb_row][et_pb_row _builder_version=&#8220;4.6.6&#8243; _module_preset=&#8220;default&#8220;][et_pb_column type=&#8220;4_4&#8243; _builder_version=&#8220;4.6.6&#8243; _module_preset=&#8220;default&#8220;][et_pb_text _builder_version=&#8220;4.6.6&#8243; _module_preset=&#8220;default&#8220;]<\/p>\n<p>Unser kleines, freistehendes, mit L\u00e4rchenholz verkleidetes Chalet hat sich in eine alternative Suite verwandelt, die l\u00e4ssig und einfallsreich eingerichtet ist. Licht durchflutet es und die Natur l\u00e4dt sich durch die gro\u00dfen Glasfenster in eine jeden Tag neu gestaltete Szenerie ein.<\/p>\n<p>Diese Unterkunft, die mit einem Pelletofen der neuesten Generation beheizt wird, besteht aus einem Wohnzimmer, einem separaten WC und einer italienischen Dusche im Erdgeschoss. Im Obergeschoss, das sehr hohe Dachschr\u00e4gen und niedrige Decken hat, befindet sich ein 180 cm breites Bett, das im Industriedesign und mit Schalungsplatten dekoriert ist. Riesen (\u00fcber 1,80 m) m\u00fcssen den Kopf einziehen. Der Zugang zum Schlafzimmer erfolgt \u00fcber eine schmale M\u00fcllerleiter.<\/p>\n<p>Der Charme dieser Wohnung ist unbestreitbar, sie eignet sich perfekt f\u00fcr alle Personen, die keine Schwierigkeiten mit der Fortbewegung haben (die Treppe ist etwas steil) und die eine Dekoration aus Holz, Glas und Metall m\u00f6gen.<\/p>\n<p>Eine gro\u00dfe private Terrasse von 20m2, die sich zum Garten hin \u00f6ffnet, rundet das Ganze ab.<\/p>\n<p>[\/et_pb_text][\/et_pb_column][\/et_pb_row][et_pb_row column_structure=&#8220;3_4,1_4&#8243; _builder_version=&#8220;4.6.6&#8243; _module_preset=&#8220;default&#8220;][et_pb_column type=&#8220;3_4&#8243; _builder_version=&#8220;4.6.6&#8243; _module_preset=&#8220;default&#8220;][wpbs_divi_single_calendar id=&#8220;8&#8243; form_id=&#8220;7&#8243; legend_position=&#8220;top&#8220; display=&#8220;2&#8243; jump=&#8220;yes&#8220; selection_style=&#8220;split&#8220; minimum_days=&#8220;1&#8243; show_date_selection=&#8220;yes&#8220; _builder_version=&#8220;4.6.6&#8243; _module_preset=&#8220;default&#8220;][\/wpbs_divi_single_calendar][\/et_pb_column][et_pb_column type=&#8220;1_4&#8243; _builder_version=&#8220;4.6.6&#8243; _module_preset=&#8220;default&#8220;][et_pb_text _builder_version=&#8220;4.6.6&#8243; _module_preset=&#8220;default&#8220; text_font_size=&#8220;16px&#8220; header_4_line_height=&#8220;1.2em&#8220; hover_enabled=&#8220;0&#8243; sticky_enabled=&#8220;0&#8243;]<\/p>\n<h2>Preise und Bedingungen<\/h2>\n<p><strong>CHF 195.- \/ Nacht<\/strong><br \/>\n<strong> Minimum 2 N\u00e4chte<\/strong><br \/>\n<strong>Zus\u00e4tzliches Bett: CHF 40.-<\/strong><\/p>\n<p><strong>Kinder unter 5 Jahren, die im Bett ihrer Eltern schlafen, \u00fcbernachten kostenlos.<\/strong><\/p>\n<p><strong>Die Preise beinhalten das Fr\u00fchst\u00fcck.<\/strong><\/p>\n<p><strong>Kurtaxe zuz\u00fcglich zum Preis von CHF 2.50 pro Erwachsener pro Nacht und CHF 1.50 pro Kind pro Nacht.<\/strong><\/p>\n<p><strong><span>Aufgrund der steigenden Zahl von Allergikern sind Haustiere in den Zimmern leider nicht erlaubt.<\/span><\/strong>[\/et_pb_text][\/et_pb_column][\/et_pb_row][\/et_pb_section][et_pb_section fb_built=&#8220;1&#8243; _builder_version=&#8220;4.6.6&#8243; _module_preset=&#8220;default&#8220; custom_padding=&#8220;0px|||||&#8220; saved_tabs=&#8220;all&#8220; locked=&#8220;off&#8220; global_module=&#8220;29835&#8243;][et_pb_row _builder_version=&#8220;3.25&#8243; locked=&#8220;off&#8220;][et_pb_column type=&#8220;4_4&#8243; _builder_version=&#8220;3.25&#8243; custom_padding=&#8220;|||&#8220; custom_padding__hover=&#8220;|||&#8220;][et_pb_text _builder_version=&#8220;4.6.6&#8243; text_font=&#8220;||||||||&#8220; text_font_size=&#8220;16px&#8220; text_line_height=&#8220;2em&#8220; header_font=&#8220;||||||||&#8220; header_2_font=&#8220;Raleway|700|||||||&#8220; header_2_font_size=&#8220;50px&#8220; header_2_line_height=&#8220;1.2em&#8220; header_6_font=&#8220;Raleway|700||on|||||&#8220; header_6_font_size=&#8220;16px&#8220; header_6_letter_spacing=&#8220;5px&#8220; header_6_line_height=&#8220;1.8em&#8220; max_width=&#8220;512px&#8220; max_width_last_edited=&#8220;off|desktop&#8220; header_2_font_size_tablet=&#8220;35px&#8220; header_2_font_size_phone=&#8220;25px&#8220; header_2_font_size_last_edited=&#8220;on|phone&#8220;]<\/p>\n<h6>Ausstattung<\/h6>\n<h2>Unsere Zimmer<\/h2>\n<p>[\/et_pb_text][\/et_pb_column][\/et_pb_row][et_pb_row _builder_version=&#8220;4.6.6&#8243; _module_preset=&#8220;default&#8220;][et_pb_column type=&#8220;4_4&#8243; _builder_version=&#8220;4.6.6&#8243; _module_preset=&#8220;default&#8220;][et_pb_text _builder_version=&#8220;4.6.6&#8243; _module_preset=&#8220;default&#8220;]<\/p>\n<p>Jedes der 23m2 gro\u00dfen Zimmer kann 2 oder 3 Personen empfangen.<\/p>\n<p>[\/et_pb_text][\/et_pb_column][\/et_pb_row][et_pb_row column_structure=&#8220;1_3,1_3,1_3&#8243; _builder_version=&#8220;3.25&#8243;][et_pb_column type=&#8220;1_3&#8243; _builder_version=&#8220;3.25&#8243; custom_padding=&#8220;|||&#8220; custom_padding__hover=&#8220;|||&#8220;][et_pb_blurb title=&#8220;Badezimmer&#8220; use_icon=&#8220;on&#8220; font_icon=&#8220;%%202%%&#8220; icon_color=&#8220;#b2b9c4&#8243; icon_placement=&#8220;left&#8220; use_icon_font_size=&#8220;on&#8220; icon_font_size=&#8220;23px&#8220; _builder_version=&#8220;4.6.6&#8243; header_level=&#8220;h5&#8243; header_font=&#8220;Raleway|700|||||||&#8220; header_font_size=&#8220;20px&#8220; header_line_height=&#8220;1.2em&#8220; body_font=&#8220;||||||||&#8220; body_line_height=&#8220;2em&#8220;]<\/p>\n<p>WC, italienische Dusche, gro\u00dfe Waschtischplatte und Haartrockner.<\/p>\n<p>[\/et_pb_blurb][\/et_pb_column][et_pb_column type=&#8220;1_3&#8243; _builder_version=&#8220;4.6.6&#8243; _module_preset=&#8220;default&#8220;][et_pb_blurb title=&#8220;Gro\u00dfe m\u00f6blierte Terrasse&#8220; use_icon=&#8220;on&#8220; font_icon=&#8220;%%202%%&#8220; icon_color=&#8220;#b2b9c4&#8243; icon_placement=&#8220;left&#8220; use_icon_font_size=&#8220;on&#8220; icon_font_size=&#8220;23px&#8220; _builder_version=&#8220;4.6.6&#8243; header_level=&#8220;h5&#8243; header_font=&#8220;Raleway|700|||||||&#8220; header_font_size=&#8220;20px&#8220; header_line_height=&#8220;1.4em&#8220; body_font=&#8220;||||||||&#8220; body_line_height=&#8220;2em&#8220;][\/et_pb_blurb][\/et_pb_column][et_pb_column type=&#8220;1_3&#8243; _builder_version=&#8220;3.25&#8243; custom_padding=&#8220;|||&#8220; custom_padding__hover=&#8220;|||&#8220;][et_pb_blurb title=&#8220;Fernseher und Wifi&#8220; use_icon=&#8220;on&#8220; font_icon=&#8220;%%202%%&#8220; icon_color=&#8220;#b2b9c4&#8243; icon_placement=&#8220;left&#8220; use_icon_font_size=&#8220;on&#8220; icon_font_size=&#8220;23px&#8220; _builder_version=&#8220;4.6.6&#8243; header_level=&#8220;h5&#8243; header_font=&#8220;Raleway|700|||||||&#8220; header_font_size=&#8220;20px&#8220; header_line_height=&#8220;1.2em&#8220; body_font=&#8220;||||||||&#8220; body_line_height=&#8220;2em&#8220;][\/et_pb_blurb][\/et_pb_column][\/et_pb_row][\/et_pb_section]<\/p>\n","protected":false},"excerpt":{"rendered":"<p>Unsere Zimmer O CaboeutsonDie Zimmer O Motsequ\u00e9qu\u00e9 O Dzoc O Arboueytoeu O Tsapafou O Caboeutson La Pechote Unser kleines, freistehendes, mit L\u00e4rchenholz verkleidetes Chalet hat sich in eine alternative Suite verwandelt, die l\u00e4ssig und einfallsreich eingerichtet ist. Licht durchflutet es und die Natur l\u00e4dt sich durch die gro\u00dfen Glasfenster in eine jeden Tag neu gestaltete [&hellip;]<\/p>\n","protected":false},"author":1,"featured_media":29504,"parent":0,"menu_order":0,"comment_status":"closed","ping_status":"closed","template":"","meta":{"_et_pb_use_builder":"on","_et_pb_old_content":"","_et_gb_content_width":"","footnotes":""},"class_list":["post-29909","page","type-page","status-publish","has-post-thumbnail","hentry"],"yoast_head":"<!-- This site is optimized with the Yoast SEO plugin v24.9 - https:\/\/yoast.com\/wordpress\/plugins\/seo\/ -->\n<title>O Caboeutson - La Tzavane<\/title>\n<meta name=\"description\" content=\"La Tzavane, chambres d&#039;h\u00f4tes \u00e0 Chamoson\" \/>\n<meta name=\"robots\" content=\"index, follow, max-snippet:-1, max-image-preview:large, max-video-preview:-1\" \/>\n<link rel=\"canonical\" href=\"https:\/\/latzavane.ch\/de\/o-caboeutson\/\" \/>\n<meta property=\"og:locale\" content=\"de_DE\" \/>\n<meta property=\"og:type\" content=\"article\" \/>\n<meta property=\"og:title\" content=\"O Caboeutson - La Tzavane\" \/>\n<meta property=\"og:description\" content=\"La Tzavane, chambres d&#039;h\u00f4tes \u00e0 Chamoson\" \/>\n<meta property=\"og:url\" content=\"https:\/\/latzavane.ch\/de\/o-caboeutson\/\" \/>\n<meta property=\"og:site_name\" content=\"La Tzavane\" \/>\n<meta property=\"article:publisher\" content=\"https:\/\/www.facebook.com\/La.Tzavane\" \/>\n<meta property=\"article:modified_time\" content=\"2023-03-03T15:41:22+00:00\" \/>\n<meta property=\"og:image\" content=\"https:\/\/latzavane.ch\/wp-content\/uploads\/2022\/01\/ocaboeutson_01.jpg\" \/>\n\t<meta property=\"og:image:width\" content=\"1106\" \/>\n\t<meta property=\"og:image:height\" content=\"829\" \/>\n\t<meta property=\"og:image:type\" content=\"image\/jpeg\" \/>\n<meta name=\"twitter:card\" content=\"summary_large_image\" \/>\n<meta name=\"twitter:label1\" content=\"Gesch\u00e4tzte Lesezeit\" \/>\n\t<meta name=\"twitter:data1\" content=\"3\u00a0Minuten\" \/>\n<script type=\"application\/ld+json\" class=\"yoast-schema-graph\">{\"@context\":\"https:\/\/schema.org\",\"@graph\":[{\"@type\":\"WebPage\",\"@id\":\"https:\/\/latzavane.ch\/de\/o-caboeutson\/\",\"url\":\"https:\/\/latzavane.ch\/de\/o-caboeutson\/\",\"name\":\"O Caboeutson - La Tzavane\",\"isPartOf\":{\"@id\":\"https:\/\/latzavane.ch\/#website\"},\"primaryImageOfPage\":{\"@id\":\"https:\/\/latzavane.ch\/de\/o-caboeutson\/#primaryimage\"},\"image\":{\"@id\":\"https:\/\/latzavane.ch\/de\/o-caboeutson\/#primaryimage\"},\"thumbnailUrl\":\"https:\/\/latzavane.ch\/wp-content\/uploads\/2022\/01\/ocaboeutson_01.jpg\",\"datePublished\":\"2022-01-28T08:13:11+00:00\",\"dateModified\":\"2023-03-03T15:41:22+00:00\",\"description\":\"La Tzavane, chambres d'h\u00f4tes \u00e0 Chamoson\",\"breadcrumb\":{\"@id\":\"https:\/\/latzavane.ch\/de\/o-caboeutson\/#breadcrumb\"},\"inLanguage\":\"de\",\"potentialAction\":[{\"@type\":\"ReadAction\",\"target\":[\"https:\/\/latzavane.ch\/de\/o-caboeutson\/\"]}]},{\"@type\":\"ImageObject\",\"inLanguage\":\"de\",\"@id\":\"https:\/\/latzavane.ch\/de\/o-caboeutson\/#primaryimage\",\"url\":\"https:\/\/latzavane.ch\/wp-content\/uploads\/2022\/01\/ocaboeutson_01.jpg\",\"contentUrl\":\"https:\/\/latzavane.ch\/wp-content\/uploads\/2022\/01\/ocaboeutson_01.jpg\",\"width\":1106,\"height\":829},{\"@type\":\"BreadcrumbList\",\"@id\":\"https:\/\/latzavane.ch\/de\/o-caboeutson\/#breadcrumb\",\"itemListElement\":[{\"@type\":\"ListItem\",\"position\":1,\"name\":\"Accueil\",\"item\":\"https:\/\/latzavane.ch\/de\/\"},{\"@type\":\"ListItem\",\"position\":2,\"name\":\"O Caboeutson\"}]},{\"@type\":\"WebSite\",\"@id\":\"https:\/\/latzavane.ch\/#website\",\"url\":\"https:\/\/latzavane.ch\/\",\"name\":\"La Tzavane\",\"description\":\"Chambres d&#039;h\u00f4tes\",\"publisher\":{\"@id\":\"https:\/\/latzavane.ch\/#organization\"},\"potentialAction\":[{\"@type\":\"SearchAction\",\"target\":{\"@type\":\"EntryPoint\",\"urlTemplate\":\"https:\/\/latzavane.ch\/?s={search_term_string}\"},\"query-input\":{\"@type\":\"PropertyValueSpecification\",\"valueRequired\":true,\"valueName\":\"search_term_string\"}}],\"inLanguage\":\"de\"},{\"@type\":\"Organization\",\"@id\":\"https:\/\/latzavane.ch\/#organization\",\"name\":\"La Tzavane\",\"url\":\"https:\/\/latzavane.ch\/\",\"logo\":{\"@type\":\"ImageObject\",\"inLanguage\":\"de\",\"@id\":\"https:\/\/latzavane.ch\/#\/schema\/logo\/image\/\",\"url\":\"https:\/\/latzavane.ch\/wp-content\/uploads\/2020\/10\/latzavane.png\",\"contentUrl\":\"https:\/\/latzavane.ch\/wp-content\/uploads\/2020\/10\/latzavane.png\",\"width\":274,\"height\":108,\"caption\":\"La Tzavane\"},\"image\":{\"@id\":\"https:\/\/latzavane.ch\/#\/schema\/logo\/image\/\"},\"sameAs\":[\"https:\/\/www.facebook.com\/La.Tzavane\"]}]}<\/script>\n<!-- \/ Yoast SEO plugin. -->","yoast_head_json":{"title":"O Caboeutson - La Tzavane","description":"La Tzavane, chambres d'h\u00f4tes \u00e0 Chamoson","robots":{"index":"index","follow":"follow","max-snippet":"max-snippet:-1","max-image-preview":"max-image-preview:large","max-video-preview":"max-video-preview:-1"},"canonical":"https:\/\/latzavane.ch\/de\/o-caboeutson\/","og_locale":"de_DE","og_type":"article","og_title":"O Caboeutson - La Tzavane","og_description":"La Tzavane, chambres d'h\u00f4tes \u00e0 Chamoson","og_url":"https:\/\/latzavane.ch\/de\/o-caboeutson\/","og_site_name":"La Tzavane","article_publisher":"https:\/\/www.facebook.com\/La.Tzavane","article_modified_time":"2023-03-03T15:41:22+00:00","og_image":[{"width":1106,"height":829,"url":"https:\/\/latzavane.ch\/wp-content\/uploads\/2022\/01\/ocaboeutson_01.jpg","type":"image\/jpeg"}],"twitter_card":"summary_large_image","twitter_misc":{"Gesch\u00e4tzte Lesezeit":"3\u00a0Minuten"},"schema":{"@context":"https:\/\/schema.org","@graph":[{"@type":"WebPage","@id":"https:\/\/latzavane.ch\/de\/o-caboeutson\/","url":"https:\/\/latzavane.ch\/de\/o-caboeutson\/","name":"O Caboeutson - La Tzavane","isPartOf":{"@id":"https:\/\/latzavane.ch\/#website"},"primaryImageOfPage":{"@id":"https:\/\/latzavane.ch\/de\/o-caboeutson\/#primaryimage"},"image":{"@id":"https:\/\/latzavane.ch\/de\/o-caboeutson\/#primaryimage"},"thumbnailUrl":"https:\/\/latzavane.ch\/wp-content\/uploads\/2022\/01\/ocaboeutson_01.jpg","datePublished":"2022-01-28T08:13:11+00:00","dateModified":"2023-03-03T15:41:22+00:00","description":"La Tzavane, chambres d'h\u00f4tes \u00e0 Chamoson","breadcrumb":{"@id":"https:\/\/latzavane.ch\/de\/o-caboeutson\/#breadcrumb"},"inLanguage":"de","potentialAction":[{"@type":"ReadAction","target":["https:\/\/latzavane.ch\/de\/o-caboeutson\/"]}]},{"@type":"ImageObject","inLanguage":"de","@id":"https:\/\/latzavane.ch\/de\/o-caboeutson\/#primaryimage","url":"https:\/\/latzavane.ch\/wp-content\/uploads\/2022\/01\/ocaboeutson_01.jpg","contentUrl":"https:\/\/latzavane.ch\/wp-content\/uploads\/2022\/01\/ocaboeutson_01.jpg","width":1106,"height":829},{"@type":"BreadcrumbList","@id":"https:\/\/latzavane.ch\/de\/o-caboeutson\/#breadcrumb","itemListElement":[{"@type":"ListItem","position":1,"name":"Accueil","item":"https:\/\/latzavane.ch\/de\/"},{"@type":"ListItem","position":2,"name":"O Caboeutson"}]},{"@type":"WebSite","@id":"https:\/\/latzavane.ch\/#website","url":"https:\/\/latzavane.ch\/","name":"La Tzavane","description":"Chambres d&#039;h\u00f4tes","publisher":{"@id":"https:\/\/latzavane.ch\/#organization"},"potentialAction":[{"@type":"SearchAction","target":{"@type":"EntryPoint","urlTemplate":"https:\/\/latzavane.ch\/?s={search_term_string}"},"query-input":{"@type":"PropertyValueSpecification","valueRequired":true,"valueName":"search_term_string"}}],"inLanguage":"de"},{"@type":"Organization","@id":"https:\/\/latzavane.ch\/#organization","name":"La Tzavane","url":"https:\/\/latzavane.ch\/","logo":{"@type":"ImageObject","inLanguage":"de","@id":"https:\/\/latzavane.ch\/#\/schema\/logo\/image\/","url":"https:\/\/latzavane.ch\/wp-content\/uploads\/2020\/10\/latzavane.png","contentUrl":"https:\/\/latzavane.ch\/wp-content\/uploads\/2020\/10\/latzavane.png","width":274,"height":108,"caption":"La Tzavane"},"image":{"@id":"https:\/\/latzavane.ch\/#\/schema\/logo\/image\/"},"sameAs":["https:\/\/www.facebook.com\/La.Tzavane"]}]}},"_links":{"self":[{"href":"https:\/\/latzavane.ch\/de\/wp-json\/wp\/v2\/pages\/29909","targetHints":{"allow":["GET"]}}],"collection":[{"href":"https:\/\/latzavane.ch\/de\/wp-json\/wp\/v2\/pages"}],"about":[{"href":"https:\/\/latzavane.ch\/de\/wp-json\/wp\/v2\/types\/page"}],"author":[{"embeddable":true,"href":"https:\/\/latzavane.ch\/de\/wp-json\/wp\/v2\/users\/1"}],"replies":[{"embeddable":true,"href":"https:\/\/latzavane.ch\/de\/wp-json\/wp\/v2\/comments?post=29909"}],"version-history":[{"count":9,"href":"https:\/\/latzavane.ch\/de\/wp-json\/wp\/v2\/pages\/29909\/revisions"}],"predecessor-version":[{"id":29928,"href":"https:\/\/latzavane.ch\/de\/wp-json\/wp\/v2\/pages\/29909\/revisions\/29928"}],"wp:featuredmedia":[{"embeddable":true,"href":"https:\/\/latzavane.ch\/de\/wp-json\/wp\/v2\/media\/29504"}],"wp:attachment":[{"href":"https:\/\/latzavane.ch\/de\/wp-json\/wp\/v2\/media?parent=29909"}],"curies":[{"name":"wp","href":"https:\/\/api.w.org\/{rel}","templated":true}]}}