{"id":30462,"date":"2023-06-19T13:06:15","date_gmt":"2023-06-19T11:06:15","guid":{"rendered":"https:\/\/latzavane.ch\/?page_id=30462"},"modified":"2023-06-19T13:08:26","modified_gmt":"2023-06-19T11:08:26","slug":"politique-de-confidentialite","status":"publish","type":"page","link":"https:\/\/latzavane.ch\/de\/politique-de-confidentialite\/","title":{"rendered":"Datenschutzrichtlinie"},"content":{"rendered":"<p>[et_pb_section fb_built=&#8220;1&#8243; _builder_version=&#8220;4.6.6&#8243; _module_preset=&#8220;default&#8220;][et_pb_row _builder_version=&#8220;4.6.6&#8243; _module_preset=&#8220;default&#8220;][et_pb_column type=&#8220;4_4&#8243; _builder_version=&#8220;4.6.6&#8243; _module_preset=&#8220;default&#8220;][et_pb_text _builder_version=&#8220;4.6.6&#8243; _module_preset=&#8220;default&#8220; hover_enabled=&#8220;0&#8243; sticky_enabled=&#8220;0&#8243;]<\/p>\n<h1>Datenschutzrichtlinie<\/h1>\n<p><strong>Wer sind wir?<\/strong><\/p>\n<p>La Tzavane<br \/>\nChamp Vidonde 11<br \/>\n1955 Chamoson<\/p>\n<p>+41 79 245 34 11<br \/>\nlatzavane@netplus.ch<\/p>\n<p>Der Schutz personenbezogener Daten liegt uns sehr am Herzen. Deshalb m\u00f6chten wir die Nutzerinnen und Nutzer unserer Website dar\u00fcber informieren, welche Daten gespeichert und wie sie verwendet werden.<\/p>\n<h1>Keine Weitergabe Ihrer pers\u00f6nlichen Daten<\/h1>\n<p>Wir geben Ihre Daten nicht an Dritte weiter. F\u00fcr die Aktualisierung Ihrer Postanschrift, z. B. bei einem Umzug, k\u00f6nnen Ihre Kontaktdaten an latzavane@netplus.ch weitergeleitet werden.<\/p>\n<h1>Von anderen Websites eingebettete Inhalte<\/h1>\n<p>Die Seiten und Artikel dieser Website k\u00f6nnen eingebettete Inhalte enthalten (z. B. Videos, Bilder, Artikel &#8230;). Von anderen Websites eingebettete Inhalte verhalten sich genauso, als w\u00fcrde der Besucher diese andere Website besuchen.<\/p>\n<p>Diese Websites k\u00f6nnen Daten \u00fcber Sie sammeln, Cookies verwenden, Tracking-Tools von Drittanbietern einbetten und Ihre Interaktionen mit diesen eingebetteten Inhalten verfolgen, wenn Sie ein angemeldetes Konto auf ihrer Website haben.<\/p>\n<h1>Cookies<\/h1>\n<p>Im Rahmen Ihres Besuchs auf unserer Website verwenden wir Cookies. Cookies sind kleine Textdateien, die beim Besuch dieser Website dauerhaft oder vor\u00fcbergehend auf Ihrem Computer gespeichert werden. Ihr Zweck ist insbesondere die Analyse der Nutzung dieser Website zur statistischen Auswertung sowie zur fortlaufenden Verbesserung. Sie k\u00f6nnen Cookies in den Einstellungen Ihres Browsers jederzeit ganz oder teilweise deaktivieren. Wenn Sie dies tun, stehen Ihnen m\u00f6glicherweise nicht mehr alle Funktionen dieser Website zur Verf\u00fcgung.<\/p>\n<p>Wir verwenden auf unserer Website Google Analytics. Dies ist eine Dienstleistung von Dritten (Google LLC in den USA, www.google.com). Zu diesem Zweck verwenden wir auch Cookies, die von dem Dienstleister gesetzt werden. Dieser erh\u00e4lt keine personenbezogenen Daten von uns (und speichert auch keine IP-Adressen), kann aber Ihre Nutzung der Website verfolgen, diese Angaben mit Daten von anderen Websites, die Sie besucht haben und die m\u00f6glicherweise ebenfalls von Dienstleistern verfolgt werden, kombinieren und diese Ergebnisse f\u00fcr eigene Zwecke (z. B. Steuerung der Werbung) verwenden. Sofern Sie sich selbst bei dem Dienstanbieter registriert haben, kennt dieser Sie. Die Verarbeitung Ihrer personenbezogenen Daten durch den Dienstleister liegt dann in seiner datenschutzrechtlichen Verantwortung. Der Dienstleister teilt uns nur mit, wie unsere jeweiligen Seiten genutzt werden. Wir erhalten keine Angaben \u00fcber Sie pers\u00f6nlich.<\/p>\n<h1>Verantwortung f\u00fcr Links<\/h1>\n<p>Auf unserer Website setzen wir gelegentlich Links zu externen Seiten, die wir f\u00fcr empfehlenswert halten. Dies tun wir nat\u00fcrlich nur, wenn zum Zeitpunkt der Verlinkung keine illegalen oder irref\u00fchrenden Inhalte auf den genannten Seiten erkennbar sind. Wir haben jedoch keinen Einfluss auf die zuk\u00fcnftige Gestaltung dieser Seiten. Daher k\u00f6nnen wir keine Verantwortung \u00fcbernehmen, wenn die empfohlenen Seiten nach dem Setzen des Links ver\u00e4ndert wurden. F\u00fcr illegale, fehlerhafte oder unvollst\u00e4ndige Inhalte und insbesondere f\u00fcr Sch\u00e4den, die aus der Nutzung solcherart dargebotener Informationen entstehen, haftet allein der Anbieter der verlinkten Seite.<\/p>\n<p>[\/et_pb_text][\/et_pb_column][\/et_pb_row][\/et_pb_section]<\/p>\n","protected":false},"excerpt":{"rendered":"<p>Datenschutzrichtlinie Wer sind wir? La Tzavane Champ Vidonde 11 1955 Chamoson +41 79 245 34 11 latzavane@netplus.ch Der Schutz personenbezogener Daten liegt uns sehr am Herzen. Deshalb m\u00f6chten wir die Nutzerinnen und Nutzer unserer Website dar\u00fcber informieren, welche Daten gespeichert und wie sie verwendet werden. Keine Weitergabe Ihrer pers\u00f6nlichen Daten Wir geben Ihre Daten nicht [&hellip;]<\/p>\n","protected":false},"author":1,"featured_media":0,"parent":0,"menu_order":0,"comment_status":"closed","ping_status":"closed","template":"","meta":{"_et_pb_use_builder":"on","_et_pb_old_content":"","_et_gb_content_width":"","footnotes":""},"class_list":["post-30462","page","type-page","status-publish","hentry"],"yoast_head":"<!-- This site is optimized with the Yoast SEO plugin v24.9 - https:\/\/yoast.com\/wordpress\/plugins\/seo\/ -->\n<title>Datenschutzrichtlinie - La Tzavane<\/title>\n<meta name=\"description\" content=\"La Tzavane, chambres d&#039;h\u00f4tes \u00e0 Chamoson\" \/>\n<meta name=\"robots\" content=\"index, follow, max-snippet:-1, max-image-preview:large, max-video-preview:-1\" \/>\n<link rel=\"canonical\" href=\"https:\/\/latzavane.ch\/de\/politique-de-confidentialite\/\" \/>\n<meta property=\"og:locale\" content=\"de_DE\" \/>\n<meta property=\"og:type\" content=\"article\" \/>\n<meta property=\"og:title\" content=\"Datenschutzrichtlinie - La Tzavane\" \/>\n<meta property=\"og:description\" content=\"La Tzavane, chambres d&#039;h\u00f4tes \u00e0 Chamoson\" \/>\n<meta property=\"og:url\" content=\"https:\/\/latzavane.ch\/de\/politique-de-confidentialite\/\" \/>\n<meta property=\"og:site_name\" content=\"La Tzavane\" \/>\n<meta property=\"article:publisher\" content=\"https:\/\/www.facebook.com\/La.Tzavane\" \/>\n<meta property=\"article:modified_time\" content=\"2023-06-19T11:08:26+00:00\" \/>\n<meta name=\"twitter:card\" content=\"summary_large_image\" \/>\n<meta name=\"twitter:label1\" content=\"Gesch\u00e4tzte Lesezeit\" \/>\n\t<meta name=\"twitter:data1\" content=\"3\u00a0Minuten\" \/>\n<script type=\"application\/ld+json\" class=\"yoast-schema-graph\">{\"@context\":\"https:\/\/schema.org\",\"@graph\":[{\"@type\":\"WebPage\",\"@id\":\"https:\/\/latzavane.ch\/de\/politique-de-confidentialite\/\",\"url\":\"https:\/\/latzavane.ch\/de\/politique-de-confidentialite\/\",\"name\":\"Datenschutzrichtlinie - La Tzavane\",\"isPartOf\":{\"@id\":\"https:\/\/latzavane.ch\/#website\"},\"datePublished\":\"2023-06-19T11:06:15+00:00\",\"dateModified\":\"2023-06-19T11:08:26+00:00\",\"description\":\"La Tzavane, chambres d'h\u00f4tes \u00e0 Chamoson\",\"breadcrumb\":{\"@id\":\"https:\/\/latzavane.ch\/de\/politique-de-confidentialite\/#breadcrumb\"},\"inLanguage\":\"de\",\"potentialAction\":[{\"@type\":\"ReadAction\",\"target\":[\"https:\/\/latzavane.ch\/de\/politique-de-confidentialite\/\"]}]},{\"@type\":\"BreadcrumbList\",\"@id\":\"https:\/\/latzavane.ch\/de\/politique-de-confidentialite\/#breadcrumb\",\"itemListElement\":[{\"@type\":\"ListItem\",\"position\":1,\"name\":\"Accueil\",\"item\":\"https:\/\/latzavane.ch\/de\/\"},{\"@type\":\"ListItem\",\"position\":2,\"name\":\"Datenschutzrichtlinie\"}]},{\"@type\":\"WebSite\",\"@id\":\"https:\/\/latzavane.ch\/#website\",\"url\":\"https:\/\/latzavane.ch\/\",\"name\":\"La Tzavane\",\"description\":\"Chambres d&#039;h\u00f4tes\",\"publisher\":{\"@id\":\"https:\/\/latzavane.ch\/#organization\"},\"potentialAction\":[{\"@type\":\"SearchAction\",\"target\":{\"@type\":\"EntryPoint\",\"urlTemplate\":\"https:\/\/latzavane.ch\/?s={search_term_string}\"},\"query-input\":{\"@type\":\"PropertyValueSpecification\",\"valueRequired\":true,\"valueName\":\"search_term_string\"}}],\"inLanguage\":\"de\"},{\"@type\":\"Organization\",\"@id\":\"https:\/\/latzavane.ch\/#organization\",\"name\":\"La Tzavane\",\"url\":\"https:\/\/latzavane.ch\/\",\"logo\":{\"@type\":\"ImageObject\",\"inLanguage\":\"de\",\"@id\":\"https:\/\/latzavane.ch\/#\/schema\/logo\/image\/\",\"url\":\"https:\/\/latzavane.ch\/wp-content\/uploads\/2020\/10\/latzavane.png\",\"contentUrl\":\"https:\/\/latzavane.ch\/wp-content\/uploads\/2020\/10\/latzavane.png\",\"width\":274,\"height\":108,\"caption\":\"La Tzavane\"},\"image\":{\"@id\":\"https:\/\/latzavane.ch\/#\/schema\/logo\/image\/\"},\"sameAs\":[\"https:\/\/www.facebook.com\/La.Tzavane\"]}]}<\/script>\n<!-- \/ Yoast SEO plugin. -->","yoast_head_json":{"title":"Datenschutzrichtlinie - La Tzavane","description":"La Tzavane, chambres d'h\u00f4tes \u00e0 Chamoson","robots":{"index":"index","follow":"follow","max-snippet":"max-snippet:-1","max-image-preview":"max-image-preview:large","max-video-preview":"max-video-preview:-1"},"canonical":"https:\/\/latzavane.ch\/de\/politique-de-confidentialite\/","og_locale":"de_DE","og_type":"article","og_title":"Datenschutzrichtlinie - La Tzavane","og_description":"La Tzavane, chambres d'h\u00f4tes \u00e0 Chamoson","og_url":"https:\/\/latzavane.ch\/de\/politique-de-confidentialite\/","og_site_name":"La Tzavane","article_publisher":"https:\/\/www.facebook.com\/La.Tzavane","article_modified_time":"2023-06-19T11:08:26+00:00","twitter_card":"summary_large_image","twitter_misc":{"Gesch\u00e4tzte Lesezeit":"3\u00a0Minuten"},"schema":{"@context":"https:\/\/schema.org","@graph":[{"@type":"WebPage","@id":"https:\/\/latzavane.ch\/de\/politique-de-confidentialite\/","url":"https:\/\/latzavane.ch\/de\/politique-de-confidentialite\/","name":"Datenschutzrichtlinie - La Tzavane","isPartOf":{"@id":"https:\/\/latzavane.ch\/#website"},"datePublished":"2023-06-19T11:06:15+00:00","dateModified":"2023-06-19T11:08:26+00:00","description":"La Tzavane, chambres d'h\u00f4tes \u00e0 Chamoson","breadcrumb":{"@id":"https:\/\/latzavane.ch\/de\/politique-de-confidentialite\/#breadcrumb"},"inLanguage":"de","potentialAction":[{"@type":"ReadAction","target":["https:\/\/latzavane.ch\/de\/politique-de-confidentialite\/"]}]},{"@type":"BreadcrumbList","@id":"https:\/\/latzavane.ch\/de\/politique-de-confidentialite\/#breadcrumb","itemListElement":[{"@type":"ListItem","position":1,"name":"Accueil","item":"https:\/\/latzavane.ch\/de\/"},{"@type":"ListItem","position":2,"name":"Datenschutzrichtlinie"}]},{"@type":"WebSite","@id":"https:\/\/latzavane.ch\/#website","url":"https:\/\/latzavane.ch\/","name":"La Tzavane","description":"Chambres d&#039;h\u00f4tes","publisher":{"@id":"https:\/\/latzavane.ch\/#organization"},"potentialAction":[{"@type":"SearchAction","target":{"@type":"EntryPoint","urlTemplate":"https:\/\/latzavane.ch\/?s={search_term_string}"},"query-input":{"@type":"PropertyValueSpecification","valueRequired":true,"valueName":"search_term_string"}}],"inLanguage":"de"},{"@type":"Organization","@id":"https:\/\/latzavane.ch\/#organization","name":"La Tzavane","url":"https:\/\/latzavane.ch\/","logo":{"@type":"ImageObject","inLanguage":"de","@id":"https:\/\/latzavane.ch\/#\/schema\/logo\/image\/","url":"https:\/\/latzavane.ch\/wp-content\/uploads\/2020\/10\/latzavane.png","contentUrl":"https:\/\/latzavane.ch\/wp-content\/uploads\/2020\/10\/latzavane.png","width":274,"height":108,"caption":"La Tzavane"},"image":{"@id":"https:\/\/latzavane.ch\/#\/schema\/logo\/image\/"},"sameAs":["https:\/\/www.facebook.com\/La.Tzavane"]}]}},"_links":{"self":[{"href":"https:\/\/latzavane.ch\/de\/wp-json\/wp\/v2\/pages\/30462","targetHints":{"allow":["GET"]}}],"collection":[{"href":"https:\/\/latzavane.ch\/de\/wp-json\/wp\/v2\/pages"}],"about":[{"href":"https:\/\/latzavane.ch\/de\/wp-json\/wp\/v2\/types\/page"}],"author":[{"embeddable":true,"href":"https:\/\/latzavane.ch\/de\/wp-json\/wp\/v2\/users\/1"}],"replies":[{"embeddable":true,"href":"https:\/\/latzavane.ch\/de\/wp-json\/wp\/v2\/comments?post=30462"}],"version-history":[{"count":8,"href":"https:\/\/latzavane.ch\/de\/wp-json\/wp\/v2\/pages\/30462\/revisions"}],"predecessor-version":[{"id":30494,"href":"https:\/\/latzavane.ch\/de\/wp-json\/wp\/v2\/pages\/30462\/revisions\/30494"}],"wp:attachment":[{"href":"https:\/\/latzavane.ch\/de\/wp-json\/wp\/v2\/media?parent=30462"}],"curies":[{"name":"wp","href":"https:\/\/api.w.org\/{rel}","templated":true}]}}