{"id":30109,"date":"2023-03-16T13:02:58","date_gmt":"2023-03-16T12:02:58","guid":{"rendered":"https:\/\/latzavane.ch\/o-caboeutson\/"},"modified":"2023-03-20T13:11:14","modified_gmt":"2023-03-20T12:11:14","slug":"o-caboeutson","status":"publish","type":"page","link":"https:\/\/latzavane.ch\/it\/o-caboeutson\/","title":{"rendered":"O Caboeutson"},"content":{"rendered":"<p>[et_pb_section fb_built=&#8221;1&#8243; admin_label=&#8221;Header&#8221; _builder_version=&#8221;4.6.6&#8243; use_background_color_gradient=&#8221;on&#8221; background_color_gradient_start=&#8221;rgba(255,255,255,0.89)&#8221; background_color_gradient_end=&#8221;rgba(255,255,255,0)&#8221; background_color_gradient_type=&#8221;radial&#8221; background_color_gradient_direction_radial=&#8221;top left&#8221; background_color_gradient_start_position=&#8221;30%&#8221; background_color_gradient_end_position=&#8221;80%&#8221; background_color_gradient_overlays_image=&#8221;on&#8221; background_image=&#8221;https:\/\/latzavane.ch\/wp-content\/uploads\/2022\/01\/ocaboeutson-1-e1643358326181.jpg&#8221; custom_margin=&#8221;|||&#8221; custom_padding=&#8221;8vw||8vw||true&#8221;][et_pb_row _builder_version=&#8221;3.25&#8243;][et_pb_column type=&#8221;4_4&#8243; _builder_version=&#8221;3.25&#8243; custom_padding=&#8221;|||&#8221; custom_padding__hover=&#8221;|||&#8221;][et_pb_text _builder_version=&#8221;4.6.6&#8243; text_font=&#8221;||||||||&#8221; header_font=&#8221;Raleway|700|||||||&#8221; header_font_size=&#8221;80px&#8221; header_line_height=&#8221;1.2em&#8221; header_5_font=&#8221;Raleway|700||on|||||&#8221; header_5_text_color=&#8221;#000000&#8243; header_5_font_size=&#8221;20px&#8221; header_5_letter_spacing=&#8221;0.5em&#8221; header_5_line_height=&#8221;1.8em&#8221; animation_style=&#8221;zoom&#8221; animation_intensity_zoom=&#8221;5%&#8221; header_font_size_tablet=&#8221;48px&#8221; header_font_size_phone=&#8221;32px&#8221; header_font_size_last_edited=&#8221;on|phone&#8221; header_5_font_size_tablet=&#8221;14px&#8221; header_5_font_size_phone=&#8221;12px&#8221; header_5_font_size_last_edited=&#8221;on|desktop&#8221;]<\/p>\n<h5> Le nostre camere<\/h5>\n<h1>O Caboeutson<\/h1>\n<p>[\/et_pb_text][\/et_pb_column][\/et_pb_row][\/et_pb_section][et_pb_section fb_built=&#8221;1&#8243; _builder_version=&#8221;4.6.5&#8243; _module_preset=&#8221;default&#8221;][et_pb_row column_structure=&#8221;3_4,1_4&#8243; _builder_version=&#8221;4.6.6&#8243; _module_preset=&#8221;default&#8221;][et_pb_column type=&#8221;3_4&#8243; _builder_version=&#8221;4.6.6&#8243; _module_preset=&#8221;default&#8221;][et_pb_gallery gallery_ids=&#8221;29637,29641,29640,29639,29638&#8243; fullwidth=&#8221;on&#8221; _builder_version=&#8221;4.6.6&#8243; _module_preset=&#8221;default&#8221;][\/et_pb_gallery][\/et_pb_column][et_pb_column type=&#8221;1_4&#8243; _builder_version=&#8221;4.6.6&#8243; _module_preset=&#8221;default&#8221;][et_pb_text _builder_version=&#8221;4.6.6&#8243; _module_preset=&#8221;default&#8221; text_line_height=&#8221;1.8em&#8221; global_module=&#8221;30049&#8243; saved_tabs=&#8221;all&#8221;]<\/p>\n<h2>Le camere<\/h2>\n<p><a href=\"https:\/\/latzavane.ch\/it\/o-motsequeque\/\">O Motsequ\u00e9qu\u00e9<\/a><br \/>\n<a href=\"\/it\/o-dzoc\/\">O Dzoc<\/a><br \/>\n<a href=\"\/it\/o-arboueytoeu\/\">O Arboueytoeu<\/a><br \/>\n<a href=\"\/it\/o-tsapafou\/\">O Tsapafou<\/a><br \/>\n<a href=\"\/it\/o-caboeutson\/\">O Caboeutson<\/a><br \/>\n<a href=\"\/it\/la-pechote\/\">La Pechote<\/a><\/p>\n<p>[\/et_pb_text][\/et_pb_column][\/et_pb_row][et_pb_row _builder_version=&#8221;4.6.6&#8243; _module_preset=&#8221;default&#8221;][et_pb_column type=&#8221;4_4&#8243; _builder_version=&#8221;4.6.6&#8243; _module_preset=&#8221;default&#8221;][et_pb_text _builder_version=&#8221;4.6.6&#8243; _module_preset=&#8221;default&#8221;]<\/p>\n<p>Il nostro piccolo chalet individuale, rivestito in legno di larice, \u00e8 stato trasformato in una suite alternativa arredata in modo rilassato e inventivo. La luce penetra e la natura si fa sentire attraverso le grandi finestre in un arredamento quotidianamente rinnovato. <\/p>\n<p>Riscaldato da una stufa a pellet di ultima generazione, questo alloggio comprende un soggiorno, un bagno separato e una doccia italiana al piano terra. Il primo piano, con i suoi soffitti bassi e la mansarda, \u00e8 occupato da un letto matrimoniale di 180 cm e decorato in stile industriale con pannelli di persiane. I giganti (oltre 1m80) dovranno abbassare la testa. L&#8217;accesso alla camera da letto avviene tramite una stretta scala da mugnaio. <\/p>\n<p>Il fascino di questo alloggio \u00e8 innegabile, \u00e8 perfettamente adatto a chi non ha difficolt\u00e0 a muoversi (le scale sono un po&#8217; ripide) e a chi ama le decorazioni in legno, vetro e metallo. Una grande terrazza privata di 20 m2 che si apre sul giardino completa l&#8217;alloggio.<\/p>\n<p>[\/et_pb_text][\/et_pb_column][\/et_pb_row][et_pb_row column_structure=&#8221;3_4,1_4&#8243; _builder_version=&#8221;4.6.6&#8243; _module_preset=&#8221;default&#8221;][et_pb_column type=&#8221;3_4&#8243; _builder_version=&#8221;4.6.6&#8243; _module_preset=&#8221;default&#8221;][wpbs_divi_single_calendar id=&#8221;8&#8243; form_id=&#8221;7&#8243; legend_position=&#8221;top&#8221; display=&#8221;2&#8243; jump=&#8221;yes&#8221; selection_style=&#8221;split&#8221; minimum_days=&#8221;1&#8243; show_date_selection=&#8221;yes&#8221; _builder_version=&#8221;4.6.6&#8243; _module_preset=&#8221;default&#8221;][\/wpbs_divi_single_calendar][\/et_pb_column][et_pb_column type=&#8221;1_4&#8243; _builder_version=&#8221;4.6.6&#8243; _module_preset=&#8221;default&#8221;][et_pb_text _builder_version=&#8221;4.6.6&#8243; _module_preset=&#8221;default&#8221; text_font_size=&#8221;16px&#8221; header_4_line_height=&#8221;1.2em&#8221;]<\/p>\n<h2>Prezzi e condizioni<\/h2>\n<p><strong>CHF 195.- \/ notte<\/strong><br \/><strong>Minimo 2 notti<\/strong><br \/> <strong> Letto aggiuntivo : CHF 40.-<\/strong><\/p>\n<p><strong> I bambini sotto i 5 anni che dormono nel letto dei genitori, soggiornano gratuitamente.<\/strong><\/p>\n<p><strong>I prezzi includono la colazione.<\/strong><\/p>\n<p><strong>Purtroppo, a causa del numero crescente di persone allergiche, gli animali non sono ammessi nelle camere.<\/strong><\/p>\n<p><strong><\/strong><\/p>\n<p><strong><span>La tassa di soggiorno costa CHF 2.50 per adulto a notte e CHF 1.50 per bambino a notte.<\/span><\/strong><\/p>\n<p>[\/et_pb_text][\/et_pb_column][\/et_pb_row][\/et_pb_section][et_pb_section fb_built=&#8221;1&#8243; _builder_version=&#8221;4.6.6&#8243; _module_preset=&#8221;default&#8221; custom_padding=&#8221;0px|||||&#8221; global_module=&#8221;30033&#8243; saved_tabs=&#8221;all&#8221;][et_pb_row _builder_version=&#8221;3.25&#8243; locked=&#8221;off&#8221;][et_pb_column type=&#8221;4_4&#8243; _builder_version=&#8221;3.25&#8243; custom_padding=&#8221;|||&#8221; custom_padding__hover=&#8221;|||&#8221;][et_pb_text _builder_version=&#8221;4.6.6&#8243; text_font=&#8221;||||||||&#8221; text_font_size=&#8221;16px&#8221; text_line_height=&#8221;2em&#8221; header_font=&#8221;||||||||&#8221; header_2_font=&#8221;Raleway|700|||||||&#8221; header_2_font_size=&#8221;50px&#8221; header_2_line_height=&#8221;1.2em&#8221; header_6_font=&#8221;Raleway|700||on|||||&#8221; header_6_font_size=&#8221;16px&#8221; header_6_letter_spacing=&#8221;5px&#8221; header_6_line_height=&#8221;1.8em&#8221; max_width=&#8221;512px&#8221; max_width_last_edited=&#8221;off|desktop&#8221; header_2_font_size_tablet=&#8221;35px&#8221; header_2_font_size_phone=&#8221;25px&#8221; header_2_font_size_last_edited=&#8221;on|phone&#8221;]<\/p>\n<h6>Servizi<\/h6>\n<h2>Le nostre camere<\/h2>\n<p>[\/et_pb_text][\/et_pb_column][\/et_pb_row][et_pb_row _builder_version=&#8221;4.6.6&#8243; _module_preset=&#8221;default&#8221;][et_pb_column type=&#8221;4_4&#8243; _builder_version=&#8221;4.6.6&#8243; _module_preset=&#8221;default&#8221;][et_pb_text _builder_version=&#8221;4.6.6&#8243; _module_preset=&#8221;default&#8221;]<\/p>\n<p> Ogni camera di 23m2 pu\u00f2 ospitare 2 o 3 persone.<\/p>\n<p>[\/et_pb_text][\/et_pb_column][\/et_pb_row][et_pb_row column_structure=&#8221;1_3,1_3,1_3&#8243; _builder_version=&#8221;3.25&#8243;][et_pb_column type=&#8221;1_3&#8243; _builder_version=&#8221;3.25&#8243; custom_padding=&#8221;|||&#8221; custom_padding__hover=&#8221;|||&#8221;][et_pb_blurb title=&#8221;Bagno&#8221; use_icon=&#8221;on&#8221; font_icon=&#8221;%%202%%&#8221; icon_color=&#8221;#b2b9c4&#8243; icon_placement=&#8221;left&#8221; use_icon_font_size=&#8221;on&#8221; icon_font_size=&#8221;23px&#8221; _builder_version=&#8221;4.6.6&#8243; header_level=&#8221;h5&#8243; header_font=&#8221;Raleway|700|||||||&#8221; header_font_size=&#8221;20px&#8221; header_line_height=&#8221;1.2em&#8221; body_font=&#8221;||||||||&#8221; body_line_height=&#8221;2em&#8221;]<\/p>\n<p>WC, doccia italiana, Un grande lavandino e un fono.<\/p>\n<p>[\/et_pb_blurb][\/et_pb_column][et_pb_column type=&#8221;1_3&#8243; _builder_version=&#8221;4.6.6&#8243; _module_preset=&#8221;default&#8221;][et_pb_blurb title=&#8221;Ampio terrazzo arredato&#8221; use_icon=&#8221;on&#8221; font_icon=&#8221;%%202%%&#8221; icon_color=&#8221;#b2b9c4&#8243; icon_placement=&#8221;left&#8221; use_icon_font_size=&#8221;on&#8221; icon_font_size=&#8221;23px&#8221; _builder_version=&#8221;4.6.6&#8243; header_level=&#8221;h5&#8243; header_font=&#8221;Raleway|700|||||||&#8221; header_font_size=&#8221;20px&#8221; header_line_height=&#8221;1.4em&#8221; body_font=&#8221;||||||||&#8221; body_line_height=&#8221;2em&#8221;][\/et_pb_blurb][\/et_pb_column][et_pb_column type=&#8221;1_3&#8243; _builder_version=&#8221;3.25&#8243; custom_padding=&#8221;|||&#8221; custom_padding__hover=&#8221;|||&#8221;][et_pb_blurb title=&#8221;Televisione e Wifi&#8221; use_icon=&#8221;on&#8221; font_icon=&#8221;%%202%%&#8221; icon_color=&#8221;#b2b9c4&#8243; icon_placement=&#8221;left&#8221; use_icon_font_size=&#8221;on&#8221; icon_font_size=&#8221;23px&#8221; _builder_version=&#8221;4.6.6&#8243; header_level=&#8221;h5&#8243; header_font=&#8221;Raleway|700|||||||&#8221; header_font_size=&#8221;20px&#8221; header_line_height=&#8221;1.2em&#8221; body_font=&#8221;||||||||&#8221; body_line_height=&#8221;2em&#8221;][\/et_pb_blurb][\/et_pb_column][\/et_pb_row][\/et_pb_section]<\/p>\n","protected":false},"excerpt":{"rendered":"<p>Le nostre camere O CaboeutsonLe camere O Motsequ\u00e9qu\u00e9 O Dzoc O Arboueytoeu O Tsapafou O Caboeutson La Pechote Il nostro piccolo chalet individuale, rivestito in legno di larice, \u00e8 stato trasformato in una suite alternativa arredata in modo rilassato e inventivo. La luce penetra e la natura si fa sentire attraverso le grandi finestre in [&hellip;]<\/p>\n","protected":false},"author":1,"featured_media":29650,"parent":0,"menu_order":0,"comment_status":"closed","ping_status":"closed","template":"","meta":{"_et_pb_use_builder":"on","_et_pb_old_content":"","_et_gb_content_width":"","footnotes":""},"class_list":["post-30109","page","type-page","status-publish","has-post-thumbnail","hentry"],"yoast_head":"<!-- This site is optimized with the Yoast SEO plugin v24.9 - https:\/\/yoast.com\/wordpress\/plugins\/seo\/ -->\n<title>O Caboeutson - La Tzavane<\/title>\n<meta name=\"description\" content=\"La Tzavane, chambres d&#039;h\u00f4tes \u00e0 Chamoson\" \/>\n<meta name=\"robots\" content=\"index, follow, max-snippet:-1, max-image-preview:large, max-video-preview:-1\" \/>\n<link rel=\"canonical\" href=\"https:\/\/latzavane.ch\/it\/o-caboeutson\/\" \/>\n<meta property=\"og:locale\" content=\"it_IT\" \/>\n<meta property=\"og:type\" content=\"article\" \/>\n<meta property=\"og:title\" content=\"O Caboeutson - La Tzavane\" \/>\n<meta property=\"og:description\" content=\"La Tzavane, chambres d&#039;h\u00f4tes \u00e0 Chamoson\" \/>\n<meta property=\"og:url\" content=\"https:\/\/latzavane.ch\/it\/o-caboeutson\/\" \/>\n<meta property=\"og:site_name\" content=\"La Tzavane\" \/>\n<meta property=\"article:publisher\" content=\"https:\/\/www.facebook.com\/La.Tzavane\" \/>\n<meta property=\"article:modified_time\" content=\"2023-03-20T12:11:14+00:00\" \/>\n<meta property=\"og:image\" content=\"https:\/\/latzavane.ch\/wp-content\/uploads\/2022\/01\/ocaboeutson_01.jpg\" \/>\n\t<meta property=\"og:image:width\" content=\"1106\" \/>\n\t<meta property=\"og:image:height\" content=\"829\" \/>\n\t<meta property=\"og:image:type\" content=\"image\/jpeg\" \/>\n<meta name=\"twitter:card\" content=\"summary_large_image\" \/>\n<meta name=\"twitter:label1\" content=\"Tempo di lettura stimato\" \/>\n\t<meta name=\"twitter:data1\" content=\"5 minuti\" \/>\n<script type=\"application\/ld+json\" class=\"yoast-schema-graph\">{\"@context\":\"https:\/\/schema.org\",\"@graph\":[{\"@type\":\"WebPage\",\"@id\":\"https:\/\/latzavane.ch\/it\/o-caboeutson\/\",\"url\":\"https:\/\/latzavane.ch\/it\/o-caboeutson\/\",\"name\":\"O Caboeutson - La Tzavane\",\"isPartOf\":{\"@id\":\"https:\/\/latzavane.ch\/#website\"},\"primaryImageOfPage\":{\"@id\":\"https:\/\/latzavane.ch\/it\/o-caboeutson\/#primaryimage\"},\"image\":{\"@id\":\"https:\/\/latzavane.ch\/it\/o-caboeutson\/#primaryimage\"},\"thumbnailUrl\":\"https:\/\/latzavane.ch\/wp-content\/uploads\/2022\/01\/ocaboeutson_01.jpg\",\"datePublished\":\"2023-03-16T12:02:58+00:00\",\"dateModified\":\"2023-03-20T12:11:14+00:00\",\"description\":\"La Tzavane, chambres d'h\u00f4tes \u00e0 Chamoson\",\"breadcrumb\":{\"@id\":\"https:\/\/latzavane.ch\/it\/o-caboeutson\/#breadcrumb\"},\"inLanguage\":\"it-IT\",\"potentialAction\":[{\"@type\":\"ReadAction\",\"target\":[\"https:\/\/latzavane.ch\/it\/o-caboeutson\/\"]}]},{\"@type\":\"ImageObject\",\"inLanguage\":\"it-IT\",\"@id\":\"https:\/\/latzavane.ch\/it\/o-caboeutson\/#primaryimage\",\"url\":\"https:\/\/latzavane.ch\/wp-content\/uploads\/2022\/01\/ocaboeutson_01.jpg\",\"contentUrl\":\"https:\/\/latzavane.ch\/wp-content\/uploads\/2022\/01\/ocaboeutson_01.jpg\",\"width\":1106,\"height\":829},{\"@type\":\"BreadcrumbList\",\"@id\":\"https:\/\/latzavane.ch\/it\/o-caboeutson\/#breadcrumb\",\"itemListElement\":[{\"@type\":\"ListItem\",\"position\":1,\"name\":\"Accueil\",\"item\":\"https:\/\/latzavane.ch\/it\/\"},{\"@type\":\"ListItem\",\"position\":2,\"name\":\"O Caboeutson\"}]},{\"@type\":\"WebSite\",\"@id\":\"https:\/\/latzavane.ch\/#website\",\"url\":\"https:\/\/latzavane.ch\/\",\"name\":\"La Tzavane\",\"description\":\"Chambres d&#039;h\u00f4tes\",\"publisher\":{\"@id\":\"https:\/\/latzavane.ch\/#organization\"},\"potentialAction\":[{\"@type\":\"SearchAction\",\"target\":{\"@type\":\"EntryPoint\",\"urlTemplate\":\"https:\/\/latzavane.ch\/?s={search_term_string}\"},\"query-input\":{\"@type\":\"PropertyValueSpecification\",\"valueRequired\":true,\"valueName\":\"search_term_string\"}}],\"inLanguage\":\"it-IT\"},{\"@type\":\"Organization\",\"@id\":\"https:\/\/latzavane.ch\/#organization\",\"name\":\"La Tzavane\",\"url\":\"https:\/\/latzavane.ch\/\",\"logo\":{\"@type\":\"ImageObject\",\"inLanguage\":\"it-IT\",\"@id\":\"https:\/\/latzavane.ch\/#\/schema\/logo\/image\/\",\"url\":\"https:\/\/latzavane.ch\/wp-content\/uploads\/2020\/10\/latzavane.png\",\"contentUrl\":\"https:\/\/latzavane.ch\/wp-content\/uploads\/2020\/10\/latzavane.png\",\"width\":274,\"height\":108,\"caption\":\"La Tzavane\"},\"image\":{\"@id\":\"https:\/\/latzavane.ch\/#\/schema\/logo\/image\/\"},\"sameAs\":[\"https:\/\/www.facebook.com\/La.Tzavane\"]}]}<\/script>\n<!-- \/ Yoast SEO plugin. -->","yoast_head_json":{"title":"O Caboeutson - La Tzavane","description":"La Tzavane, chambres d'h\u00f4tes \u00e0 Chamoson","robots":{"index":"index","follow":"follow","max-snippet":"max-snippet:-1","max-image-preview":"max-image-preview:large","max-video-preview":"max-video-preview:-1"},"canonical":"https:\/\/latzavane.ch\/it\/o-caboeutson\/","og_locale":"it_IT","og_type":"article","og_title":"O Caboeutson - La Tzavane","og_description":"La Tzavane, chambres d'h\u00f4tes \u00e0 Chamoson","og_url":"https:\/\/latzavane.ch\/it\/o-caboeutson\/","og_site_name":"La Tzavane","article_publisher":"https:\/\/www.facebook.com\/La.Tzavane","article_modified_time":"2023-03-20T12:11:14+00:00","og_image":[{"width":1106,"height":829,"url":"https:\/\/latzavane.ch\/wp-content\/uploads\/2022\/01\/ocaboeutson_01.jpg","type":"image\/jpeg"}],"twitter_card":"summary_large_image","twitter_misc":{"Tempo di lettura stimato":"5 minuti"},"schema":{"@context":"https:\/\/schema.org","@graph":[{"@type":"WebPage","@id":"https:\/\/latzavane.ch\/it\/o-caboeutson\/","url":"https:\/\/latzavane.ch\/it\/o-caboeutson\/","name":"O Caboeutson - La Tzavane","isPartOf":{"@id":"https:\/\/latzavane.ch\/#website"},"primaryImageOfPage":{"@id":"https:\/\/latzavane.ch\/it\/o-caboeutson\/#primaryimage"},"image":{"@id":"https:\/\/latzavane.ch\/it\/o-caboeutson\/#primaryimage"},"thumbnailUrl":"https:\/\/latzavane.ch\/wp-content\/uploads\/2022\/01\/ocaboeutson_01.jpg","datePublished":"2023-03-16T12:02:58+00:00","dateModified":"2023-03-20T12:11:14+00:00","description":"La Tzavane, chambres d'h\u00f4tes \u00e0 Chamoson","breadcrumb":{"@id":"https:\/\/latzavane.ch\/it\/o-caboeutson\/#breadcrumb"},"inLanguage":"it-IT","potentialAction":[{"@type":"ReadAction","target":["https:\/\/latzavane.ch\/it\/o-caboeutson\/"]}]},{"@type":"ImageObject","inLanguage":"it-IT","@id":"https:\/\/latzavane.ch\/it\/o-caboeutson\/#primaryimage","url":"https:\/\/latzavane.ch\/wp-content\/uploads\/2022\/01\/ocaboeutson_01.jpg","contentUrl":"https:\/\/latzavane.ch\/wp-content\/uploads\/2022\/01\/ocaboeutson_01.jpg","width":1106,"height":829},{"@type":"BreadcrumbList","@id":"https:\/\/latzavane.ch\/it\/o-caboeutson\/#breadcrumb","itemListElement":[{"@type":"ListItem","position":1,"name":"Accueil","item":"https:\/\/latzavane.ch\/it\/"},{"@type":"ListItem","position":2,"name":"O Caboeutson"}]},{"@type":"WebSite","@id":"https:\/\/latzavane.ch\/#website","url":"https:\/\/latzavane.ch\/","name":"La Tzavane","description":"Chambres d&#039;h\u00f4tes","publisher":{"@id":"https:\/\/latzavane.ch\/#organization"},"potentialAction":[{"@type":"SearchAction","target":{"@type":"EntryPoint","urlTemplate":"https:\/\/latzavane.ch\/?s={search_term_string}"},"query-input":{"@type":"PropertyValueSpecification","valueRequired":true,"valueName":"search_term_string"}}],"inLanguage":"it-IT"},{"@type":"Organization","@id":"https:\/\/latzavane.ch\/#organization","name":"La Tzavane","url":"https:\/\/latzavane.ch\/","logo":{"@type":"ImageObject","inLanguage":"it-IT","@id":"https:\/\/latzavane.ch\/#\/schema\/logo\/image\/","url":"https:\/\/latzavane.ch\/wp-content\/uploads\/2020\/10\/latzavane.png","contentUrl":"https:\/\/latzavane.ch\/wp-content\/uploads\/2020\/10\/latzavane.png","width":274,"height":108,"caption":"La Tzavane"},"image":{"@id":"https:\/\/latzavane.ch\/#\/schema\/logo\/image\/"},"sameAs":["https:\/\/www.facebook.com\/La.Tzavane"]}]}},"_links":{"self":[{"href":"https:\/\/latzavane.ch\/it\/wp-json\/wp\/v2\/pages\/30109","targetHints":{"allow":["GET"]}}],"collection":[{"href":"https:\/\/latzavane.ch\/it\/wp-json\/wp\/v2\/pages"}],"about":[{"href":"https:\/\/latzavane.ch\/it\/wp-json\/wp\/v2\/types\/page"}],"author":[{"embeddable":true,"href":"https:\/\/latzavane.ch\/it\/wp-json\/wp\/v2\/users\/1"}],"replies":[{"embeddable":true,"href":"https:\/\/latzavane.ch\/it\/wp-json\/wp\/v2\/comments?post=30109"}],"version-history":[{"count":10,"href":"https:\/\/latzavane.ch\/it\/wp-json\/wp\/v2\/pages\/30109\/revisions"}],"predecessor-version":[{"id":30130,"href":"https:\/\/latzavane.ch\/it\/wp-json\/wp\/v2\/pages\/30109\/revisions\/30130"}],"wp:featuredmedia":[{"embeddable":true,"href":"https:\/\/latzavane.ch\/it\/wp-json\/wp\/v2\/media\/29650"}],"wp:attachment":[{"href":"https:\/\/latzavane.ch\/it\/wp-json\/wp\/v2\/media?parent=30109"}],"curies":[{"name":"wp","href":"https:\/\/api.w.org\/{rel}","templated":true}]}}